{"id":2749,"date":"2020-08-10T15:20:23","date_gmt":"2020-08-10T13:20:23","guid":{"rendered":"http:\/\/slopek-vonau-dev.flow4.one\/kontakt\/"},"modified":"2020-11-12T09:13:04","modified_gmt":"2020-11-12T08:13:04","slug":"kontakt","status":"publish","type":"page","link":"https:\/\/www.designschutz.de\/en\/kontakt\/","title":{"rendered":"Kontaktieren Sie uns EN"},"content":{"rendered":"\n<p class=\"proxima-nova\">Wir beraten Mandanten aus Hamburg und ganz Deutschland in allen Bereichen des Geistigen Eigentums. Nehmen Sie jetzt unkompliziert mit uns Kontakt auf. Wir melden uns schnellstm\u00f6glich bei Ihnen. Sie erhalten sp\u00e4testens innerhalb von 24 Stunden eine R\u00fcckmeldung von uns.<\/p>\n\n\n\n<h1>Kontaktformular<\/h1>\n\n\n\n<div class=\"is-layout-flow wp-block-group\"><div class=\"wp-block-group__inner-container\"><noscript class=\"ninja-forms-noscript-message\">\n    Notice: JavaScript is required for this content.<\/noscript><style>\n\n        \/* FORM STYLES *\/\n    \n        #nf-form-1-cont {\n                                    background-color:#ffffff;\n                    }\n        #nf-form-1-cont .nf-form-title h3 {\n                                    border-color:#81d742;\n                    }\n        #nf-form-1-cont .nf-row {\n                                    border-color:#dd0f0f;\n                    }\n    <\/style><div id=\"nf-form-1-cont\" class=\"nf-form-cont\" aria-live=\"polite\" aria-labelledby=\"nf-form-title-1\" aria-describedby=\"nf-form-errors-1\" role=\"form\">\n\n    <div class=\"nf-loading-spinner\"><\/div>\n\n<\/div>\n        <!-- TODO: Move to Template File. -->\n        <script>var formDisplay=1;var nfForms=nfForms||[];var form=[];form.id='1';form.settings={\"objectType\":\"Form Setting\",\"editActive\":true,\"title\":\"Contact Me\",\"key\":\"\",\"created_at\":\"2018-04-13 10:23:05\",\"default_label_pos\":\"above\",\"conditions\":[],\"show_title\":0,\"clear_complete\":\"1\",\"hide_complete\":\"1\",\"wrapper_class\":\"\",\"element_class\":\"\",\"add_submit\":\"1\",\"logged_in\":\"\",\"not_logged_in_msg\":\"\",\"sub_limit_number\":\"\",\"sub_limit_msg\":\"\",\"calculations\":[],\"formContentData\":[{\"order\":1,\"cells\":[{\"order\":0,\"fields\":[\"ihr_name_1599040654251\"],\"width\":50},{\"order\":1,\"fields\":[\"ihre_e-mail-adresse_1603111615899\"],\"width\":50}]},{\"order\":2,\"cells\":[{\"order\":0,\"fields\":[\"ihr_anliegen_1603111623086\"],\"width\":\"100\"}]},{\"order\":3,\"cells\":[{\"order\":0,\"fields\":[\"ihre_dateien_1606303528522\"],\"width\":\"100\"}]},{\"order\":5,\"cells\":[{\"order\":0,\"fields\":[\"senden_1599040770906\"],\"width\":\"100\"}]}],\"container_styles_background-color\":\"#ffffff\",\"container_styles_border\":\"\",\"container_styles_border-style\":\"\",\"container_styles_border-color\":\"\",\"container_styles_color\":\"\",\"container_styles_height\":\"\",\"container_styles_width\":\"\",\"container_styles_font-size\":\"\",\"container_styles_margin\":\"\",\"container_styles_padding\":\"\",\"container_styles_display\":\"\",\"container_styles_float\":\"\",\"container_styles_show_advanced_css\":\"0\",\"container_styles_advanced\":\"\",\"title_styles_background-color\":\"\",\"title_styles_border\":\"\",\"title_styles_border-style\":\"\",\"title_styles_border-color\":\"#81d742\",\"title_styles_color\":\"\",\"title_styles_height\":\"\",\"title_styles_width\":\"\",\"title_styles_font-size\":\"\",\"title_styles_margin\":\"\",\"title_styles_padding\":\"\",\"title_styles_display\":\"\",\"title_styles_float\":\"\",\"title_styles_show_advanced_css\":\"0\",\"title_styles_advanced\":\"\",\"row_styles_background-color\":\"\",\"row_styles_border\":\"\",\"row_styles_border-style\":\"\",\"row_styles_border-color\":\"#dd0f0f\",\"row_styles_color\":\"\",\"row_styles_height\":\"\",\"row_styles_width\":\"\",\"row_styles_font-size\":\"\",\"row_styles_margin\":\"\",\"row_styles_padding\":\"\",\"row_styles_display\":\"\",\"row_styles_show_advanced_css\":0,\"row_styles_advanced\":\"\",\"row-odd_styles_background-color\":\"\",\"row-odd_styles_border\":\"\",\"row-odd_styles_border-style\":\"\",\"row-odd_styles_border-color\":\"\",\"row-odd_styles_color\":\"\",\"row-odd_styles_height\":\"\",\"row-odd_styles_width\":\"\",\"row-odd_styles_font-size\":\"\",\"row-odd_styles_margin\":\"\",\"row-odd_styles_padding\":\"\",\"row-odd_styles_display\":\"\",\"row-odd_styles_show_advanced_css\":\"0\",\"row-odd_styles_advanced\":\"\",\"success-msg_styles_background-color\":\"\",\"success-msg_styles_border\":\"\",\"success-msg_styles_border-style\":\"\",\"success-msg_styles_border-color\":\"\",\"success-msg_styles_color\":\"\",\"success-msg_styles_height\":\"\",\"success-msg_styles_width\":\"\",\"success-msg_styles_font-size\":\"\",\"success-msg_styles_margin\":\"\",\"success-msg_styles_padding\":\"\",\"success-msg_styles_display\":\"\",\"success-msg_styles_show_advanced_css\":\"0\",\"success-msg_styles_advanced\":\"\",\"error_msg_styles_background-color\":\"\",\"error_msg_styles_border\":\"\",\"error_msg_styles_border-style\":\"\",\"error_msg_styles_border-color\":\"\",\"error_msg_styles_color\":\"\",\"error_msg_styles_height\":\"\",\"error_msg_styles_width\":\"\",\"error_msg_styles_font-size\":\"\",\"error_msg_styles_margin\":\"\",\"error_msg_styles_padding\":\"\",\"error_msg_styles_display\":\"\",\"error_msg_styles_show_advanced_css\":\"0\",\"error_msg_styles_advanced\":\"\",\"currency\":\"\",\"unique_field_error\":\"A form with this value has already been submitted.\",\"drawerDisabled\":false,\"changeEmailErrorMsg\":\"Please enter a valid email address!\",\"confirmFieldErrorMsg\":\"These fields must match!\",\"fieldNumberNumMinError\":\"Number Min Error\",\"fieldNumberNumMaxError\":\"Number Max Error\",\"fieldNumberIncrementBy\":\"Please increment by \",\"formErrorsCorrectErrors\":\"Please correct errors before submitting this form.\",\"validateRequiredField\":\"This is a required field.\",\"honeypotHoneypotError\":\"Honeypot Error\",\"fieldsMarkedRequired\":\" \",\"allow_public_link\":0,\"embed_form\":\"\",\"changeDateErrorMsg\":\"Please enter a valid date!\",\"repeatable_fieldsets\":\"\",\"ninjaForms\":\"Ninja Forms\",\"fieldTextareaRTEInsertLink\":\"Insert Link\",\"fieldTextareaRTEInsertMedia\":\"Insert Media\",\"fieldTextareaRTESelectAFile\":\"Select a file\",\"formHoneypot\":\"If you are a human seeing this field, please leave it empty.\",\"fileUploadOldCodeFileUploadInProgress\":\"File Upload in Progress.\",\"fileUploadOldCodeFileUpload\":\"FILE UPLOAD\",\"currencySymbol\":\"&#36;\",\"thousands_sep\":\",\",\"decimal_point\":\".\",\"siteLocale\":\"en_US\",\"dateFormat\":\"m\\\/d\\\/Y\",\"startOfWeek\":\"1\",\"of\":\"of\",\"previousMonth\":\"Previous Month\",\"nextMonth\":\"Next Month\",\"months\":[\"January\",\"February\",\"March\",\"April\",\"May\",\"June\",\"July\",\"August\",\"September\",\"October\",\"November\",\"December\"],\"monthsShort\":[\"Jan\",\"Feb\",\"Mar\",\"Apr\",\"May\",\"Jun\",\"Jul\",\"Aug\",\"Sep\",\"Oct\",\"Nov\",\"Dec\"],\"weekdays\":[\"Sunday\",\"Monday\",\"Tuesday\",\"Wednesday\",\"Thursday\",\"Friday\",\"Saturday\"],\"weekdaysShort\":[\"Sun\",\"Mon\",\"Tue\",\"Wed\",\"Thu\",\"Fri\",\"Sat\"],\"weekdaysMin\":[\"Su\",\"Mo\",\"Tu\",\"We\",\"Th\",\"Fr\",\"Sa\"],\"currency_symbol\":\"\",\"beforeForm\":\"\",\"beforeFields\":\"\",\"afterFields\":\"\",\"afterForm\":\"\"};form.fields=[{\"objectType\":\"Field\",\"objectDomain\":\"fields\",\"editActive\":false,\"order\":1,\"idAttribute\":\"id\",\"label\":\"Ihr Name\",\"key\":\"ihr_name_1599040654251\",\"type\":\"textbox\",\"created_at\":\"2018-04-13 10:23:05\",\"label_pos\":\"above\",\"required\":0,\"placeholder\":\"\",\"default\":\"\",\"wrapper_class\":\"\",\"element_class\":\"\",\"container_class\":\"\",\"input_limit\":\"\",\"input_limit_type\":\"characters\",\"input_limit_msg\":\"Character(s) left\",\"manual_key\":\"\",\"disable_input\":\"\",\"admin_label\":\"\",\"help_text\":\"\",\"desc_text\":\"\",\"disable_browser_autocomplete\":\"\",\"mask\":\"\",\"custom_mask\":\"\",\"wrap_styles_background-color\":\"\",\"wrap_styles_border\":\"\",\"wrap_styles_border-style\":\"\",\"wrap_styles_border-color\":\"\",\"wrap_styles_color\":\"\",\"wrap_styles_height\":\"\",\"wrap_styles_width\":\"\",\"wrap_styles_font-size\":\"\",\"wrap_styles_margin\":\"\",\"wrap_styles_padding\":\"\",\"wrap_styles_display\":\"\",\"wrap_styles_float\":\"\",\"wrap_styles_show_advanced_css\":0,\"wrap_styles_advanced\":\"\",\"label_styles_background-color\":\"\",\"label_styles_border\":\"\",\"label_styles_border-style\":\"\",\"label_styles_border-color\":\"\",\"label_styles_color\":\"\",\"label_styles_height\":\"\",\"label_styles_width\":\"\",\"label_styles_font-size\":\"\",\"label_styles_margin\":\"\",\"label_styles_padding\":\"\",\"label_styles_display\":\"\",\"label_styles_float\":\"\",\"label_styles_show_advanced_css\":0,\"label_styles_advanced\":\"\",\"element_styles_background-color\":\"\",\"element_styles_border\":\"\",\"element_styles_border-style\":\"\",\"element_styles_border-color\":\"\",\"element_styles_color\":\"\",\"element_styles_height\":\"\",\"element_styles_width\":\"\",\"element_styles_font-size\":\"\",\"element_styles_margin\":\"\",\"element_styles_padding\":\"\",\"element_styles_display\":\"\",\"element_styles_float\":\"\",\"element_styles_show_advanced_css\":0,\"element_styles_advanced\":\"\",\"cellcid\":\"c3768\",\"custom_name_attribute\":\"\",\"drawerDisabled\":false,\"cellOrder\":1,\"personally_identifiable\":\"\",\"value\":\"\",\"id\":1,\"beforeField\":\"\",\"afterField\":\"\",\"parentType\":\"textbox\",\"element_templates\":[\"textbox\",\"input\"],\"old_classname\":\"\",\"wrap_template\":\"wrap\"},{\"objectType\":\"Field\",\"objectDomain\":\"fields\",\"editActive\":false,\"order\":2,\"idAttribute\":\"id\",\"label\":\"Ihre E-Mail-Adresse\",\"key\":\"ihre_e-mail-adresse_1603111615899\",\"type\":\"email\",\"created_at\":\"2018-04-13 10:23:05\",\"label_pos\":\"above\",\"required\":0,\"placeholder\":\"\",\"default\":\"\",\"wrapper_class\":\"\",\"element_class\":\"\",\"container_class\":\"\",\"admin_label\":\"\",\"help_text\":\"\",\"desc_text\":\"\",\"wrap_styles_background-color\":\"\",\"wrap_styles_border\":\"\",\"wrap_styles_border-style\":\"\",\"wrap_styles_border-color\":\"\",\"wrap_styles_color\":\"\",\"wrap_styles_height\":\"\",\"wrap_styles_width\":\"\",\"wrap_styles_font-size\":\"\",\"wrap_styles_margin\":\"\",\"wrap_styles_padding\":\"\",\"wrap_styles_display\":\"\",\"wrap_styles_float\":\"\",\"wrap_styles_show_advanced_css\":0,\"wrap_styles_advanced\":\"\",\"label_styles_background-color\":\"\",\"label_styles_border\":\"\",\"label_styles_border-style\":\"\",\"label_styles_border-color\":\"\",\"label_styles_color\":\"\",\"label_styles_height\":\"\",\"label_styles_width\":\"\",\"label_styles_font-size\":\"\",\"label_styles_margin\":\"\",\"label_styles_padding\":\"\",\"label_styles_display\":\"\",\"label_styles_float\":\"\",\"label_styles_show_advanced_css\":0,\"label_styles_advanced\":\"\",\"element_styles_background-color\":\"\",\"element_styles_border\":\"\",\"element_styles_border-style\":\"\",\"element_styles_border-color\":\"\",\"element_styles_color\":\"\",\"element_styles_height\":\"\",\"element_styles_width\":\"\",\"element_styles_font-size\":\"\",\"element_styles_margin\":\"\",\"element_styles_padding\":\"\",\"element_styles_display\":\"\",\"element_styles_float\":\"\",\"element_styles_show_advanced_css\":0,\"element_styles_advanced\":\"\",\"cellcid\":\"c3768\",\"custom_name_attribute\":\"email\",\"cellOrder\":1,\"drawerDisabled\":false,\"personally_identifiable\":1,\"value\":\"\",\"id\":2,\"beforeField\":\"\",\"afterField\":\"\",\"parentType\":\"email\",\"element_templates\":[\"email\",\"input\"],\"old_classname\":\"\",\"wrap_template\":\"wrap\"},{\"objectType\":\"Field\",\"objectDomain\":\"fields\",\"editActive\":false,\"order\":3,\"idAttribute\":\"id\",\"label\":\"Ihr Anliegen\",\"key\":\"ihr_anliegen_1603111623086\",\"type\":\"textarea\",\"created_at\":\"2018-04-13 10:23:05\",\"label_pos\":\"above\",\"required\":0,\"placeholder\":\"\",\"default\":\"\",\"wrapper_class\":\"\",\"element_class\":\"\",\"container_class\":\"\",\"input_limit\":\"\",\"input_limit_type\":\"characters\",\"input_limit_msg\":\"Character(s) left\",\"manual_key\":\"\",\"disable_input\":\"\",\"admin_label\":\"\",\"help_text\":\"\",\"desc_text\":\"\",\"disable_browser_autocomplete\":\"\",\"textarea_rte\":\"\",\"disable_rte_mobile\":\"\",\"textarea_media\":\"\",\"wrap_styles_background-color\":\"\",\"wrap_styles_border\":\"\",\"wrap_styles_border-style\":\"\",\"wrap_styles_border-color\":\"\",\"wrap_styles_color\":\"\",\"wrap_styles_height\":\"\",\"wrap_styles_width\":\"\",\"wrap_styles_font-size\":\"\",\"wrap_styles_margin\":\"\",\"wrap_styles_padding\":\"\",\"wrap_styles_display\":\"\",\"wrap_styles_float\":\"\",\"wrap_styles_show_advanced_css\":0,\"wrap_styles_advanced\":\"\",\"label_styles_background-color\":\"\",\"label_styles_border\":\"\",\"label_styles_border-style\":\"\",\"label_styles_border-color\":\"\",\"label_styles_color\":\"\",\"label_styles_height\":\"\",\"label_styles_width\":\"\",\"label_styles_font-size\":\"\",\"label_styles_margin\":\"\",\"label_styles_padding\":\"\",\"label_styles_display\":\"\",\"label_styles_float\":\"\",\"label_styles_show_advanced_css\":0,\"label_styles_advanced\":\"\",\"element_styles_background-color\":\"\",\"element_styles_border\":\"\",\"element_styles_border-style\":\"\",\"element_styles_border-color\":\"\",\"element_styles_color\":\"\",\"element_styles_height\":\"\",\"element_styles_width\":\"\",\"element_styles_font-size\":\"\",\"element_styles_margin\":\"\",\"element_styles_padding\":\"\",\"element_styles_display\":\"\",\"element_styles_float\":\"\",\"element_styles_show_advanced_css\":0,\"element_styles_advanced\":\"\",\"cellcid\":\"c3774\",\"drawerDisabled\":false,\"value\":\"\",\"id\":3,\"beforeField\":\"\",\"afterField\":\"\",\"parentType\":\"textarea\",\"element_templates\":[\"textarea\",\"input\"],\"old_classname\":\"\",\"wrap_template\":\"wrap\"},{\"id\":0,\"label\":\"Ihre Dateien\",\"order\":4,\"key\":\"ihre_dateien_1606303528522\",\"type\":\"unknown\",\"message\":\"Field type &quot;drop-uploader&quot; not found.\",\"beforeField\":\"\",\"afterField\":\"\",\"value\":\"\",\"label_pos\":\"above\",\"parentType\":\"unknown\",\"element_templates\":[\"null\",\"hidden\",\"input\"],\"old_classname\":\"\",\"wrap_template\":\"wrap-no-label\"},{\"objectType\":\"Field\",\"objectDomain\":\"fields\",\"editActive\":false,\"order\":6,\"idAttribute\":\"id\",\"label\":\"Senden\",\"type\":\"submit\",\"cellcid\":\"c3783\",\"processing_label\":\"Verarbeite\",\"container_class\":\"\",\"element_class\":\"\",\"key\":\"senden_1599040770906\",\"wrap_styles_show_advanced_css\":0,\"element_styles_show_advanced_css\":0,\"submit_element_hover_styles_show_advanced_css\":0,\"cellOrder\":1,\"wrap_styles_border\":\"\",\"wrap_styles_width\":\"\",\"wrap_styles_margin\":\"\",\"wrap_styles_padding\":\"\",\"wrap_styles_float\":\"\",\"element_styles_border\":\"\",\"element_styles_width\":\"\",\"element_styles_font-size\":\"\",\"element_styles_margin\":\"\",\"element_styles_padding\":\"\",\"element_styles_float\":\"\",\"submit_element_hover_styles_border\":\"\",\"submit_element_hover_styles_width\":\"\",\"submit_element_hover_styles_font-size\":\"\",\"submit_element_hover_styles_margin\":\"\",\"submit_element_hover_styles_padding\":\"\",\"submit_element_hover_styles_float\":\"\",\"drawerDisabled\":false,\"id\":24,\"beforeField\":\"\",\"afterField\":\"\",\"value\":\"\",\"label_pos\":\"above\",\"parentType\":\"textbox\",\"element_templates\":[\"submit\",\"button\",\"input\"],\"old_classname\":\"\",\"wrap_template\":\"wrap-no-label\"}];nfForms.push(form);<\/script>\n                <script id=\"nf-tmpl-cell\" type=\"text\/template\">\n            <nf-fields><\/nf-fields>\n        <\/script>\n\n        <script id=\"nf-tmpl-row\" type=\"text\/template\">\n            <nf-cells><\/nf-cells>\n        <\/script>\n\n        \n<\/div><\/div>\n\n\n\n<h1>Pers\u00f6nlicher Beratungstermin<\/h1>\n\n\n\n<p>Wenn Sie uns pers\u00f6nlich besuchen m\u00f6chten, finden Sie unsere Kanzleir\u00e4ume im Herzen der Hamburger Altstadt im Zippelhaus 6. Das 1876 erbaute historische Geb\u00e4ude mit Blick auf die als Weltkulturerbe gesch\u00fctzte Hamburger Speicherstadt ist bestens per U-Bahn (Linie U3: Rathaus, Linie U1: Me\u00dfberg) erreichbar. Wenn Sie mit dem Auto kommen, sind in der Umgebung \u00f6ffentliche Parkpl\u00e4tze in ausreichendem Umfang vorhanden. Um Wartezeiten f\u00fcr Sie zu vermeiden, bitten wir, vorher einen Termin zu vereinbaren.<\/p>\n\n\n\n<h1>Datenschutz und Geheimhaltung<\/h1>\n\n\n\n<p>Der Anwalt ist gesetzlich zur Geheimhaltung verpflichtet (\u00a7 43a Abs. 2 BRAO). Diese Pflicht bezieht sich auf alles, was ihm in Aus\u00fcbung seines Berufes oder aus Anlass seiner T\u00e4tigkeit anvertraut oder bekannt wird. Wir versichern, dass s\u00e4mtliche hier \u00fcbermittelten Informationen vertraulich behandelt werden. Weitere Informationen finden Sie in unseren <a href=\"https:\/\/slopek-vonau.com\/datenschutz\/\">Datenschutzbestimmungen<\/a>.<\/p>\n","protected":false},"excerpt":{"rendered":"<p>Wir beraten Mandanten aus Hamburg und ganz Deutschland in allen Bereichen des Geistigen Eigentums. Nehmen Sie jetzt unkompliziert mit uns Kontakt auf. Wir melden uns schnellstm\u00f6glich bei Ihnen. Sie erhalten sp\u00e4testens innerhalb von 24 Stunden eine R\u00fcckmeldung von uns. Kontaktformular Pers\u00f6nlicher Beratungstermin Wenn Sie uns pers\u00f6nlich besuchen m\u00f6chten, finden Sie unsere Kanzleir\u00e4ume im Herzen der [&hellip;]<\/p>\n","protected":false},"author":1,"featured_media":2750,"parent":0,"menu_order":21,"comment_status":"closed","ping_status":"closed","template":"","meta":[],"categories":[],"tags":[],"uagb_featured_image_src":{"full":["https:\/\/www.designschutz.de\/wp-content\/uploads\/Slopek-Vonau-Rechtsanw\u00e4lte.jpg",1270,470,false],"thumbnail":["https:\/\/www.designschutz.de\/wp-content\/uploads\/Slopek-Vonau-Rechtsanw\u00e4lte-320x118.jpg",320,118,true],"medium":["https:\/\/www.designschutz.de\/wp-content\/uploads\/Slopek-Vonau-Rechtsanw\u00e4lte-640x237.jpg",640,237,true],"medium_large":["https:\/\/www.designschutz.de\/wp-content\/uploads\/Slopek-Vonau-Rechtsanw\u00e4lte.jpg",640,237,false],"large":["https:\/\/www.designschutz.de\/wp-content\/uploads\/Slopek-Vonau-Rechtsanw\u00e4lte.jpg",640,237,false],"1536x1536":["https:\/\/www.designschutz.de\/wp-content\/uploads\/Slopek-Vonau-Rechtsanw\u00e4lte.jpg",1270,470,false],"2048x2048":["https:\/\/www.designschutz.de\/wp-content\/uploads\/Slopek-Vonau-Rechtsanw\u00e4lte.jpg",1270,470,false],"post-preview-thumbnail":["https:\/\/www.designschutz.de\/wp-content\/uploads\/Slopek-Vonau-Rechtsanw\u00e4lte-320x200.jpg",320,200,true],"post-preview-large":["https:\/\/www.designschutz.de\/wp-content\/uploads\/Slopek-Vonau-Rechtsanw\u00e4lte-640x400.jpg",640,400,true],"publication-thumbnail":["https:\/\/www.designschutz.de\/wp-content\/uploads\/Slopek-Vonau-Rechtsanw\u00e4lte-200x296.jpg",200,296,true],"user-profile-thumbnail":["https:\/\/www.designschutz.de\/wp-content\/uploads\/Slopek-Vonau-Rechtsanw\u00e4lte-290x107.jpg",290,107,true],"avatar":["https:\/\/www.designschutz.de\/wp-content\/uploads\/Slopek-Vonau-Rechtsanw\u00e4lte-60x60.jpg",60,60,true],"avatar-large":["https:\/\/www.designschutz.de\/wp-content\/uploads\/Slopek-Vonau-Rechtsanw\u00e4lte-220x140.jpg",220,140,true],"profile_24":["https:\/\/www.designschutz.de\/wp-content\/uploads\/Slopek-Vonau-Rechtsanw\u00e4lte.jpg",24,9,false],"profile_48":["https:\/\/www.designschutz.de\/wp-content\/uploads\/Slopek-Vonau-Rechtsanw\u00e4lte.jpg",48,18,false],"profile_96":["https:\/\/www.designschutz.de\/wp-content\/uploads\/Slopek-Vonau-Rechtsanw\u00e4lte.jpg",96,36,false],"profile_150":["https:\/\/www.designschutz.de\/wp-content\/uploads\/Slopek-Vonau-Rechtsanw\u00e4lte.jpg",150,56,false],"profile_300":["https:\/\/www.designschutz.de\/wp-content\/uploads\/Slopek-Vonau-Rechtsanw\u00e4lte.jpg",300,111,false]},"uagb_author_info":{"display_name":"flow4_admin","author_link":"https:\/\/www.designschutz.de\/en\/author\/flow4_admin\/"},"uagb_comment_info":0,"uagb_excerpt":"Wir beraten Mandanten aus Hamburg und ganz Deutschland in allen Bereichen des Geistigen Eigentums. Nehmen Sie jetzt unkompliziert mit uns Kontakt auf. Wir melden uns schnellstm\u00f6glich bei Ihnen. Sie erhalten sp\u00e4testens innerhalb von 24 Stunden eine R\u00fcckmeldung von uns. Kontaktformular Pers\u00f6nlicher Beratungstermin Wenn Sie uns pers\u00f6nlich besuchen m\u00f6chten, finden Sie unsere Kanzleir\u00e4ume im Herzen der&hellip;","_links":{"self":[{"href":"https:\/\/www.designschutz.de\/en\/wp-json\/wp\/v2\/pages\/2749"}],"collection":[{"href":"https:\/\/www.designschutz.de\/en\/wp-json\/wp\/v2\/pages"}],"about":[{"href":"https:\/\/www.designschutz.de\/en\/wp-json\/wp\/v2\/types\/page"}],"author":[{"embeddable":true,"href":"https:\/\/www.designschutz.de\/en\/wp-json\/wp\/v2\/users\/1"}],"replies":[{"embeddable":true,"href":"https:\/\/www.designschutz.de\/en\/wp-json\/wp\/v2\/comments?post=2749"}],"version-history":[{"count":4,"href":"https:\/\/www.designschutz.de\/en\/wp-json\/wp\/v2\/pages\/2749\/revisions"}],"predecessor-version":[{"id":2833,"href":"https:\/\/www.designschutz.de\/en\/wp-json\/wp\/v2\/pages\/2749\/revisions\/2833"}],"wp:featuredmedia":[{"embeddable":true,"href":"https:\/\/www.designschutz.de\/en\/wp-json\/wp\/v2\/media\/2750"}],"wp:attachment":[{"href":"https:\/\/www.designschutz.de\/en\/wp-json\/wp\/v2\/media?parent=2749"}],"wp:term":[{"taxonomy":"category","embeddable":true,"href":"https:\/\/www.designschutz.de\/en\/wp-json\/wp\/v2\/categories?post=2749"},{"taxonomy":"post_tag","embeddable":true,"href":"https:\/\/www.designschutz.de\/en\/wp-json\/wp\/v2\/tags?post=2749"}],"curies":[{"name":"wp","href":"https:\/\/api.w.org\/{rel}","templated":true}]}}